{"id":144,"date":"2012-01-13T22:49:48","date_gmt":"2012-01-13T21:49:48","guid":{"rendered":"http:\/\/www.asbs.be\/?page_id=144"},"modified":"2024-12-24T15:02:36","modified_gmt":"2024-12-24T14:02:36","slug":"entrainements","status":"publish","type":"page","link":"https:\/\/asbs.be\/index.php\/la-saison\/entrainements\/","title":{"rendered":"Entra\u00eenements"},"content":{"rendered":"<p><span style=\"color: #ff0000;\"><em><strong><span style=\"text-decoration: underline;\">Horaire des entra\u00eenements :<\/span><\/strong><\/em><\/span><\/p>\n<p>A partir du lundi 13 janvier 2025, reprise des entra\u00eenements \u00e0 Sillysports les lundis de 18h30 \u00e0 20h00.<\/p>\n<p>Entra\u00eenements ouverts aux jeunes et aux adultes&#8230;<\/p>\n<p>Pour info :&nbsp;Gants autoris\u00e9s en 2025 : Types 2023, 2024, 2025.<\/p>\n<p>&nbsp;<\/p>\n<p>&nbsp;<\/p>\n<p>&nbsp;<\/p>\n<p>&nbsp;<\/p>\n","protected":false},"excerpt":{"rendered":"<p>Horaire des entra\u00eenements : A partir du lundi 13 janvier 2025, reprise des entra\u00eenements \u00e0 Sillysports les lundis de 18h30 \u00e0 20h00. Entra\u00eenements ouverts aux jeunes et aux adultes&#8230; Pour info :&nbsp;Gants autoris\u00e9s en 2025 : Types 2023, 2024, 2025. &nbsp; &nbsp; &nbsp; &nbsp;<\/p>\n","protected":false},"author":1,"featured_media":0,"parent":136,"menu_order":0,"comment_status":"open","ping_status":"closed","template":"","meta":{"ngg_post_thumbnail":0,"footnotes":""},"class_list":["post-144","page","type-page","status-publish","hentry"],"jetpack_sharing_enabled":true,"_links":{"self":[{"href":"https:\/\/asbs.be\/index.php\/wp-json\/wp\/v2\/pages\/144","targetHints":{"allow":["GET"]}}],"collection":[{"href":"https:\/\/asbs.be\/index.php\/wp-json\/wp\/v2\/pages"}],"about":[{"href":"https:\/\/asbs.be\/index.php\/wp-json\/wp\/v2\/types\/page"}],"author":[{"embeddable":true,"href":"https:\/\/asbs.be\/index.php\/wp-json\/wp\/v2\/users\/1"}],"replies":[{"embeddable":true,"href":"https:\/\/asbs.be\/index.php\/wp-json\/wp\/v2\/comments?post=144"}],"version-history":[{"count":4,"href":"https:\/\/asbs.be\/index.php\/wp-json\/wp\/v2\/pages\/144\/revisions"}],"predecessor-version":[{"id":15354,"href":"https:\/\/asbs.be\/index.php\/wp-json\/wp\/v2\/pages\/144\/revisions\/15354"}],"up":[{"embeddable":true,"href":"https:\/\/asbs.be\/index.php\/wp-json\/wp\/v2\/pages\/136"}],"wp:attachment":[{"href":"https:\/\/asbs.be\/index.php\/wp-json\/wp\/v2\/media?parent=144"}],"curies":[{"name":"wp","href":"https:\/\/api.w.org\/{rel}","templated":true}]}}