{"id":2134,"date":"2012-02-14T09:34:29","date_gmt":"2012-02-14T08:34:29","guid":{"rendered":"http:\/\/www.asbs.be\/?page_id=2134"},"modified":"2025-01-20T16:03:56","modified_gmt":"2025-01-20T15:03:56","slug":"les-membres","status":"publish","type":"page","link":"https:\/\/asbs.be\/index.php\/le-comite\/les-membres\/","title":{"rendered":"Les membres"},"content":{"rendered":"<table style=\"width: 969px;\" border=\"0\">\n<tbody>\n<tr>\n<td style=\"text-align: center;\"><span style=\"font-size: large;\"><strong><span style=\"text-decoration: underline;\">Le bureau<\/span><\/strong><\/span><\/td>\n<\/tr>\n<\/tbody>\n<\/table>\n<table style=\"width: 969px;\" border=\"0\">\n<tbody>\n<tr>\n<td width=\"33%\"><img loading=\"lazy\" decoding=\"async\" class=\"size-full wp-image-67 aligncenter\" title=\"PASCAL\" src=\"http:\/\/www.asbs.be\/wp-content\/uploads\/2012\/01\/PASCAL.jpg\" alt=\"\" width=\"90\" height=\"120\"><\/td>\n<td width=\"33%\">&nbsp;<\/td>\n<\/tr>\n<tr>\n<td style=\"text-align: center;\">Pr\u00e9sident :<\/td>\n<td style=\"text-align: center;\">Vice-Pr\u00e9sident :<\/td>\n<\/tr>\n<tr>\n<td style=\"text-align: center;\">Pascal Soetens<\/td>\n<td style=\"text-align: center;\">&nbsp;<\/td>\n<\/tr>\n<tr>\n<td style=\"text-align: center;\"><a href=\"mailto:president@asbs.be\">president@asbs.be<\/a><\/td>\n<td style=\"text-align: center;\">&nbsp;<\/td>\n<\/tr>\n<tr>\n<td style=\"text-align: center;\">0496\/54.45.33<\/td>\n<td style=\"text-align: center;\">&nbsp;<\/td>\n<\/tr>\n<\/tbody>\n<\/table>\n<table style=\"width: 969px;\" border=\"0\">\n<tbody>\n<tr>\n<td><img loading=\"lazy\" decoding=\"async\" class=\"aligncenter\" title=\"PADU\" src=\"http:\/\/www.asbs.be\/wp-content\/uploads\/2012\/01\/PADU.jpg\" alt=\"\" width=\"90\" height=\"120\"><\/td>\n<td><img loading=\"lazy\" decoding=\"async\" class=\"aligncenter\" title=\"CATHY\" src=\"http:\/\/www.asbs.be\/wp-content\/uploads\/2012\/01\/CATHY.jpg\" alt=\"\" width=\"90\" height=\"120\"><\/td>\n<\/tr>\n<tr>\n<td style=\"text-align: center;\">Secr\u00e9taire :<\/td>\n<td style=\"text-align: center;\">Tr\u00e9sori\u00e8re :<\/td>\n<\/tr>\n<tr>\n<td style=\"text-align: center;\">Thierry Paduart<\/td>\n<td style=\"text-align: center;\">Catherine Foss\u00e9prez<\/td>\n<\/tr>\n<tr>\n<td style=\"text-align: center;\"><a href=\"mailto:secretariat@asbs.be\">secretariat@asbs.be<\/a><\/td>\n<td style=\"text-align: center;\"><a href=\"mailto:tresorier@asbs.be\">tresorier@asbs.be<\/a><\/td>\n<\/tr>\n<tr>\n<td style=\"text-align: center;\">0497\/17.44.16<\/td>\n<td style=\"text-align: center;\">0475\/33.96.58<\/td>\n<\/tr>\n<\/tbody>\n<\/table>\n<table style=\"width: 969px;\" border=\"0\">\n<tbody>\n<tr>\n<td style=\"text-align: center;\"><span style=\"font-size: large;\"><strong><span style=\"text-decoration: underline;\">Les membres du comit\u00e9<\/span><\/strong><\/span><\/td>\n<\/tr>\n<\/tbody>\n<\/table>\n<table style=\"width: 970px;\" border=\"0\">\n<tbody>\n<tr>\n<td width=\"33%\"><img loading=\"lazy\" decoding=\"async\" class=\"size-full wp-image-67 aligncenter\" title=\"BENOIT\" src=\"http:\/\/www.asbs.be\/wp-content\/uploads\/2020\/07\/HOMME-NUL.jpg\" alt=\"\" width=\"90\" height=\"120\"><\/td>\n<td width=\"33%\"><img loading=\"lazy\" decoding=\"async\" class=\"size-full wp-image-67 aligncenter\" title=\"ALEX\" src=\"http:\/\/www.asbs.be\/wp-content\/uploads\/2012\/01\/ALEX-1.jpg\" alt=\"\" width=\"90\" height=\"120\"><\/td>\n<td width=\"33%\"><img loading=\"lazy\" decoding=\"async\" class=\"size-full wp-image-67 aligncenter\" title=\"DURANT\" src=\"http:\/\/www.asbs.be\/wp-content\/uploads\/2014\/12\/DURANT.jpg\" alt=\"\" width=\"90\" height=\"120\"><\/td>\n<\/tr>\n<tr>\n<td style=\"text-align: center;\">Beno\u00eet Dautrebande<\/td>\n<td style=\"text-align: center;\">Alexandre Dupont<\/td>\n<td style=\"text-align: center;\">Didier Durant<\/td>\n<\/tr>\n<tr>\n<td style=\"text-align: center;\"><a href=\"mailto:benoit@asbs.be\">benoit@asbs.be<\/a><\/td>\n<td style=\"text-align: center;\"><a href=\"mailto:alex@asbs.be\">alex@asbs.be<\/a><\/td>\n<td style=\"text-align: center;\"><a href=\"mailto:didier@asbs.be\">didier@asbs.be<\/a><\/td>\n<\/tr>\n<tr>\n<td width=\"33%\"><img loading=\"lazy\" decoding=\"async\" class=\"size-full wp-image-67 aligncenter\" title=\"TITO\" src=\"http:\/\/www.asbs.be\/wp-content\/uploads\/2012\/02\/Tito.jpg\" alt=\"\" width=\"90\" height=\"120\"><\/td>\n<td><img loading=\"lazy\" decoding=\"async\" class=\"size-full wp-image-67 aligncenter\" title=\"CAROLE\" src=\"http:\/\/www.asbs.be\/wp-content\/uploads\/2012\/01\/CAROLE.jpg\" alt=\"\" width=\"90\" height=\"120\"><\/td>\n<td><img loading=\"lazy\" decoding=\"async\" class=\"size-full wp-image-67 aligncenter\" title=\"MARJORIE\" src=\"http:\/\/www.asbs.be\/wp-content\/uploads\/2014\/05\/marjorie-jacquet.jpg\" alt=\"\" width=\"90\" height=\"120\"><\/td>\n<\/tr>\n<tr>\n<td style=\"text-align: center;\">Jean-Christophe Foss\u00e9prez<\/td>\n<td style=\"text-align: center;\">Carole Haillez<\/td>\n<td style=\"text-align: center;\">Marjorie Jacquet<\/td>\n<\/tr>\n<tr>\n<td style=\"text-align: center;\"><a href=\"mailto:jean-christophe@asbs.be\">jean-christophe@asbs.be<\/a><\/td>\n<td style=\"text-align: center;\"><a href=\"mailto:carole@asbs.be\">carole@asbs.be<\/a><\/td>\n<td style=\"text-align: center;\"><a href=\"mailto:marjorie@asbs.be\">marjorie@asbs.be<\/a><\/td>\n<\/tr>\n<tr>\n<td><img loading=\"lazy\" decoding=\"async\" class=\"size-full wp-image-67 aligncenter\" title=\"SONIA\" src=\"http:\/\/www.asbs.be\/wp-content\/uploads\/2012\/01\/SONIA.jpg\" alt=\"\" width=\"90\" height=\"120\"><\/td>\n<td><img loading=\"lazy\" decoding=\"async\" class=\"size-full wp-image-67 aligncenter\" title=\"FREDDY\" src=\"http:\/\/www.asbs.be\/wp-content\/uploads\/2012\/01\/FREDDY-1-1.jpg\" alt=\"\" width=\"90\" height=\"120\"><\/td>\n<td><img loading=\"lazy\" decoding=\"async\" class=\"size-full wp-image-67 aligncenter\" title=\"LAETITIA\" src=\"http:\/\/www.asbs.be\/wp-content\/uploads\/2014\/12\/LAETITIA.jpg\" alt=\"\" width=\"90\" height=\"120\"><\/td>\n<\/tr>\n<tr>\n<td style=\"text-align: center;\">Sonia Leybaert<\/td>\n<td style=\"text-align: center;\">Freddy Limbourg<\/td>\n<td style=\"text-align: center;\">Laetitia Marchal<\/td>\n<\/tr>\n<tr>\n<td style=\"text-align: center;\"><a href=\"mailto:sonia@asbs.be\">sonia@asbs.be<\/a><\/td>\n<td style=\"text-align: center;\"><a href=\"mailto:freddy@asbs.be\">freddy@asbs.be<\/a><\/td>\n<td style=\"text-align: center;\"><a href=\"mailto:laetitia@asbs.be\">laetitia@asbs.be<\/a><\/td>\n<\/tr>\n<tr>\n<td><img loading=\"lazy\" decoding=\"async\" class=\"size-full wp-image-67 aligncenter\" title=\"MEGANE\" src=\"http:\/\/www.asbs.be\/wp-content\/uploads\/2025\/01\/MEGANE.jpg\" alt=\"\" width=\"90\" height=\"120\"><\/td>\n<td><img loading=\"lazy\" decoding=\"async\" class=\"size-full wp-image-67 aligncenter\" title=\"BUCO\" src=\"http:\/\/www.asbs.be\/wp-content\/uploads\/2025\/01\/BUCO.jpg\" alt=\"\" width=\"90\" height=\"120\"><\/td>\n<\/tr>\n<tr>\n<td style=\"text-align: center;\">M\u00e9gane Monnier<\/td>\n<td style=\"text-align: center;\">Philippe Nicolas (Buco)<\/td>\n<\/tr>\n<tr>\n<td style=\"text-align: center;\"><a href=\"mailto:megane@asbs.be\">megane@asbs.be<\/a><\/td>\n<td style=\"text-align: center;\">Pas de mail<\/td>\n<\/tr>\n<\/tbody>\n<\/table>\n","protected":false},"excerpt":{"rendered":"<p>Le bureau &nbsp; Pr\u00e9sident : Vice-Pr\u00e9sident : Pascal Soetens &nbsp; president@asbs.be &nbsp; 0496\/54.45.33 &nbsp; Secr\u00e9taire : Tr\u00e9sori\u00e8re : Thierry Paduart Catherine Foss\u00e9prez secretariat@asbs.be tresorier@asbs.be 0497\/17.44.16 0475\/33.96.58 Les membres du comit\u00e9 Beno\u00eet Dautrebande Alexandre Dupont Didier Durant benoit@asbs.be alex@asbs.be didier@asbs.be Jean-Christophe Foss\u00e9prez Carole Haillez Marjorie Jacquet jean-christophe@asbs.be carole@asbs.be marjorie@asbs.be Sonia Leybaert Freddy Limbourg Laetitia Marchal sonia@asbs.be [&hellip;]<\/p>\n","protected":false},"author":1,"featured_media":0,"parent":66,"menu_order":0,"comment_status":"closed","ping_status":"closed","template":"page-fullwidth.php","meta":{"ngg_post_thumbnail":0,"footnotes":""},"class_list":["post-2134","page","type-page","status-publish","hentry"],"jetpack_sharing_enabled":true,"_links":{"self":[{"href":"https:\/\/asbs.be\/index.php\/wp-json\/wp\/v2\/pages\/2134","targetHints":{"allow":["GET"]}}],"collection":[{"href":"https:\/\/asbs.be\/index.php\/wp-json\/wp\/v2\/pages"}],"about":[{"href":"https:\/\/asbs.be\/index.php\/wp-json\/wp\/v2\/types\/page"}],"author":[{"embeddable":true,"href":"https:\/\/asbs.be\/index.php\/wp-json\/wp\/v2\/users\/1"}],"replies":[{"embeddable":true,"href":"https:\/\/asbs.be\/index.php\/wp-json\/wp\/v2\/comments?post=2134"}],"version-history":[{"count":12,"href":"https:\/\/asbs.be\/index.php\/wp-json\/wp\/v2\/pages\/2134\/revisions"}],"predecessor-version":[{"id":15400,"href":"https:\/\/asbs.be\/index.php\/wp-json\/wp\/v2\/pages\/2134\/revisions\/15400"}],"up":[{"embeddable":true,"href":"https:\/\/asbs.be\/index.php\/wp-json\/wp\/v2\/pages\/66"}],"wp:attachment":[{"href":"https:\/\/asbs.be\/index.php\/wp-json\/wp\/v2\/media?parent=2134"}],"curies":[{"name":"wp","href":"https:\/\/api.w.org\/{rel}","templated":true}]}}