{"id":223,"date":"2012-01-14T12:26:41","date_gmt":"2012-01-14T11:26:41","guid":{"rendered":"http:\/\/www.asbs.be\/?page_id=223"},"modified":"2024-07-15T16:19:36","modified_gmt":"2024-07-15T14:19:36","slug":"lhistoire-du-club","status":"publish","type":"page","link":"https:\/\/asbs.be\/index.php\/bienvenue-sur-le-nouveau-site-de-lasbs\/lhistoire-du-club\/","title":{"rendered":"L&rsquo;histoire du club"},"content":{"rendered":"<p align=\"center\">Cette ann\u00e9e, notre club n&rsquo;alignera qu&rsquo;une seule \u00e9quipe de Nationale 3 lors de la saison 2024.<\/p>\n<p align=\"center\">Le manque de b\u00e9n\u00e9voles et la difficult\u00e9 de trouver des financements ne facilitent pas les choses.<\/p>\n<p align=\"center\">Nous avons \u00e9galement une \u00e9quipe f\u00e9minine qui s&rsquo;entra\u00eene r\u00e9guli\u00e8rement !<\/p>\n<p align=\"center\">Si tu as plus de 5 ans et si tu as envie de pratiquer la balle pelote, au sein de notre association, tu peux prendre contact avec un membre de notre comit\u00e9.<\/p>\n<p><span style=\"font-family: Arial, Helvetica, sans-serif; font-size: medium;\"><strong><span style=\"text-decoration: underline;\">HISTORIQUE DE L&rsquo;ASBS<\/span><\/strong><\/span><\/p>\n<p>L\u2019ASSOCIATION SORTIVE BASSILLY-SILLY est n\u00e9e en 2003. Elle est le fruit de la fusion entre deux clubs voisins, la \u00ab\u00a0Pelote de la Sylle\u00a0\u00bb de Bassilly et le \u00ab\u00a0Pelote Club\u00a0\u00bb de Silly.<br \/>\nIl faut savoir que le premier cit\u00e9 avait connu des heures de gloire dans les ann\u00e9es 80 et 90 avec un titre de champion de Belgique en Nationale 3 et une mont\u00e9e en Nationale 1.<br \/>\nOn se souviendra d\u2019une troisi\u00e8me place au sein de l\u2019\u00e9lite, d\u2019une victoire en supercoupe et du gain de plusieurs tournois nationaux importants. Par la suite, apr\u00e8s le d\u00e9c\u00e8s de leur pr\u00e9sident et en raison de charges devenues trop lourdes suite \u00e0 l\u2019 \u00ab\u00a0arr\u00eat Bosman\u00a0\u00bb, les membres du comit\u00e9 d\u00e9cid\u00e8rent de se tourner exclusivement vers la formation des jeunes et de n\u2019aligner qu\u2019une \u00e9quipe de premi\u00e8re inf\u00e9rieure en adulte.<br \/>\nPlusieurs titres de \u00ab\u00a0Champion de Belgique\u00a0\u00bb et coupes de Belgique furent alors remport\u00e9s en cat\u00e9gories \u00ab&nbsp;pupilles&nbsp;\u00bb et \u00ab&nbsp;minimes&nbsp;\u00bb.<br \/>\nLe Pelote Club Silly, de son c\u00f4t\u00e9, avait franchi patiemment les \u00e9tapes, une \u00e0 une, avec, et c\u2019est tout \u00e0 son honneur, des moyens limit\u00e9s.<br \/>\nApr\u00e8s plusieurs ann\u00e9es pass\u00e9es dans les cat\u00e9gories inf\u00e9rieures, avec chaque fois, l\u2019\u00e9tiquette d\u2019outsider, le club parvenait \u00e0 se hisser en promotion r\u00e9gionale pour la saison 2003.&nbsp;Juste r\u00e9compense pour les membres d\u00e9vou\u00e9s de ce dernier.<br \/>\nDepuis la fusion, plusieurs titres ont \u00e9t\u00e9 remport\u00e9s&nbsp;: champion du Hainaut occidental et champion de Belgique \u00ab&nbsp;minimes&nbsp;\u00bb en 2004, champion de Belgique \u00ab&nbsp;troisi\u00e8me inf\u00e9rieure&nbsp;\u00bb en 2004, vice champion de Belgique et finaliste de la coupe de Belgique \u00ab&nbsp;minimes&nbsp;\u00bb en 2005, champion du Hainaut occidental \u00ab&nbsp;cadets&nbsp;\u00bb, \u00ab&nbsp;deuxi\u00e8me inf\u00e9rieure&nbsp;\u00bb, \u00ab&nbsp;premi\u00e8re inf\u00e9rieure&nbsp;\u00bb et \u00ab&nbsp;promotion&nbsp;\u00bb en 2005, champion de Belgique, vainqueur de la coupe de Belgique et de la supercoupe \u00ab&nbsp;cadets&nbsp;\u00bb en 2006.<br \/>\nEn outre, lors de la saison 2006, l\u2019\u00e9quipe premi\u00e8re, alignant de jeunes joueurs form\u00e9s au club, terminait \u00e0 la deuxi\u00e8me place et se hissait en Nationale 2.<br \/>\nLors de la saison 2011, Bassilly-Silly concluait le championnat de Nationale 2 par une victoire, synonyme de deuxi\u00e8me place et d\u2019une mont\u00e9e en Nationale 1 pour de nouvelles aventures ballantes.<\/p>\n","protected":false},"excerpt":{"rendered":"<p>Cette ann\u00e9e, notre club n&rsquo;alignera qu&rsquo;une seule \u00e9quipe de Nationale 3 lors de la saison 2024. Le manque de b\u00e9n\u00e9voles et la difficult\u00e9 de trouver des financements ne facilitent pas les choses. Nous avons \u00e9galement une \u00e9quipe f\u00e9minine qui s&rsquo;entra\u00eene r\u00e9guli\u00e8rement ! Si tu as plus de 5 ans et si tu as envie de [&hellip;]<\/p>\n","protected":false},"author":1,"featured_media":0,"parent":26,"menu_order":0,"comment_status":"closed","ping_status":"closed","template":"page-fullwidth.php","meta":{"ngg_post_thumbnail":0,"footnotes":""},"class_list":["post-223","page","type-page","status-publish","hentry"],"jetpack_sharing_enabled":true,"_links":{"self":[{"href":"https:\/\/asbs.be\/index.php\/wp-json\/wp\/v2\/pages\/223","targetHints":{"allow":["GET"]}}],"collection":[{"href":"https:\/\/asbs.be\/index.php\/wp-json\/wp\/v2\/pages"}],"about":[{"href":"https:\/\/asbs.be\/index.php\/wp-json\/wp\/v2\/types\/page"}],"author":[{"embeddable":true,"href":"https:\/\/asbs.be\/index.php\/wp-json\/wp\/v2\/users\/1"}],"replies":[{"embeddable":true,"href":"https:\/\/asbs.be\/index.php\/wp-json\/wp\/v2\/comments?post=223"}],"version-history":[{"count":5,"href":"https:\/\/asbs.be\/index.php\/wp-json\/wp\/v2\/pages\/223\/revisions"}],"predecessor-version":[{"id":15086,"href":"https:\/\/asbs.be\/index.php\/wp-json\/wp\/v2\/pages\/223\/revisions\/15086"}],"up":[{"embeddable":true,"href":"https:\/\/asbs.be\/index.php\/wp-json\/wp\/v2\/pages\/26"}],"wp:attachment":[{"href":"https:\/\/asbs.be\/index.php\/wp-json\/wp\/v2\/media?parent=223"}],"curies":[{"name":"wp","href":"https:\/\/api.w.org\/{rel}","templated":true}]}}