{"id":36,"date":"2012-01-13T15:54:09","date_gmt":"2012-01-13T14:54:09","guid":{"rendered":"http:\/\/www.asbs.be\/?page_id=36"},"modified":"2026-04-14T11:39:48","modified_gmt":"2026-04-14T09:39:48","slug":"test001","status":"publish","type":"page","link":"https:\/\/asbs.be\/index.php\/les-equipes\/test001\/","title":{"rendered":"Nationale 2"},"content":{"rendered":"<p>Voici l\u2019\u00e9quipe que nous alignons en Nationale 2 pour la saison 2026.<\/p>\n<p><center><img loading=\"lazy\" decoding=\"async\" class=\"size-full wp-image-67\" title=\"N2-2026\" src=\"http:\/\/www.asbs.be\/wp-content\/uploads\/2026\/04\/ASBS-2026.jpg\" alt=\"\" width=\"720\" height=\"425\"><\/center>Debout, de gauche \u00e0 droite :<br \/>\nMathias BUDDELS &#8211; Bertrand BECQ &#8211; Robin DAUTREBANDE<br \/>\n&nbsp;<br \/>\nAccroupi, de gauche \u00e0 droite :<br \/>\nCorentin DEMIL &#8211; Lukas DEMIL- Lo\u00efc PADUART<br \/>\n&nbsp;<\/p>\n<table style=\"width: 100%; height: 856px;\" border=\"0\" width=\"100%\" cellspacing=\"0\" cellpadding=\"0\">\n<thead>\n<tr class=\"sectiontableheader rosterheader\" style=\"height: 24px;\">\n<th style=\"text-align: center; width: 67%; height: 24px;\" colspan=\"3\"><span style=\"font-family: arial, helvetica, sans-serif; font-size: 10pt;\"><strong>&nbsp;<span style=\"text-decoration: underline;\">Joueurs<\/span><\/strong><\/span><\/th>\n<th class=\"td_c\" style=\"width: 22%; height: 24px;\"><span style=\"font-family: arial, helvetica, sans-serif; font-size: 10pt;\"><strong><span style=\"text-decoration: underline;\">Date de naissance (\u00e2ge)<\/span><\/strong><\/span><\/th>\n<\/tr>\n<\/thead>\n<tbody>\n<tr class=\"sectiontableentry1\" style=\"height: 114px;\">\n<td class=\"td_c\" style=\"width: 15%; height: 114px;\" nowrap=\"nowrap\"><span style=\"font-family: arial, helvetica, sans-serif;\"><img loading=\"lazy\" decoding=\"async\" class=\"size-full wp-image-67\" title=\"Bertrand Becq\" src=\"http:\/\/www.asbs.be\/wp-content\/uploads\/2023\/04\/BECQ-2023.jpg\" alt=\"\" width=\"90\" height=\"120\"><\/span><\/td>\n<td style=\"width: 10%; height: 114px;\" nowrap=\"nowrap\"><span style=\"font-family: arial, helvetica, sans-serif;\"><img loading=\"lazy\" decoding=\"async\" title=\"BELGIUM__KINGDOM_OF\" src=\"http:\/\/www.asbs.be\/wp-content\/uploads\/2017\/04\/flag-be.png\" alt=\"\" width=\"20\" height=\"10\"><\/span><\/td>\n<td class=\"td_l\" style=\"width: 42%; height: 114px;\"><span class=\"playername\" style=\"font-family: arial, helvetica, sans-serif;\">Bertrand BECQ<\/span><\/td>\n<th class=\"td_c\" style=\"width: 22%; text-align: left; height: 114px;\"><span style=\"font-family: arial, helvetica, sans-serif;\">1er septembre 1988 (37)<\/span><\/th>\n<\/tr>\n<tr class=\"sectiontableentry2\" style=\"height: 114px;\">\n<td class=\"td_c\" style=\"width: 15%; height: 114px;\" nowrap=\"nowrap\"><span style=\"font-family: arial, helvetica, sans-serif;\"><img loading=\"lazy\" decoding=\"async\" title=\"Mathias Buddels\" src=\"http:\/\/www.asbs.be\/wp-content\/uploads\/2026\/04\/BUDDELS.jpg\" alt=\"\" width=\"90\" height=\"120\"><\/span><\/td>\n<td style=\"width: 10%; height: 114px;\" nowrap=\"nowrap\"><span style=\"font-family: arial, helvetica, sans-serif;\"><img loading=\"lazy\" decoding=\"async\" title=\"BELGIUM__KINGDOM_OF\" src=\"http:\/\/www.asbs.be\/wp-content\/uploads\/2017\/04\/flag-be.png\" alt=\"\" width=\"20\" height=\"10\"><\/span><\/td>\n<td class=\"td_l\" style=\"width: 42%; height: 114px;\"><span class=\"playername\" style=\"font-family: arial, helvetica, sans-serif;\">Mathias BUDDELS<\/span><\/td>\n<th class=\"td_c\" style=\"width: 22%; text-align: left; height: 114px;\"><span style=\"font-family: arial, helvetica, sans-serif;\"> <!-- 9 avril 2004 (19) --><\/span><\/th>\n<\/tr>\n<tr class=\"sectiontableentry2\" style=\"height: 110px;\">\n<td class=\"td_c\" style=\"width: 15%; height: 110px;\" nowrap=\"nowrap\"><span style=\"font-family: arial, helvetica, sans-serif;\"><img loading=\"lazy\" decoding=\"async\" class=\"size-full wp-image-67\" title=\"Robin Dautrebande\" src=\"http:\/\/www.asbs.be\/wp-content\/uploads\/2023\/04\/DAUTREBANDE-2023.jpg\" alt=\"\" width=\"90\" height=\"120\"><\/span><\/td>\n<td style=\"width: 10%; height: 110px;\" nowrap=\"nowrap\"><span style=\"font-family: arial, helvetica, sans-serif;\"><img loading=\"lazy\" decoding=\"async\" title=\"BELGIUM__KINGDOM_OF\" src=\"http:\/\/www.asbs.be\/wp-content\/uploads\/2017\/04\/flag-be.png\" alt=\"\" width=\"20\" height=\"10\"><\/span><\/td>\n<td class=\"td_l\" style=\"width: 42%; height: 110px;\"><span class=\"playername\" style=\"font-family: arial, helvetica, sans-serif;\">Robin DAUTREBANDE<\/span><\/td>\n<th class=\"td_c\" style=\"width: 22%; text-align: left; height: 110px;\"><span style=\"font-family: arial, helvetica, sans-serif;\">26 avril 1995 (31)<\/span><\/th>\n<\/tr>\n<tr class=\"sectiontableentry1\" style=\"height: 129px;\">\n<td class=\"td_c\" style=\"width: 15%; height: 129px;\" nowrap=\"nowrap\"><span style=\"font-family: arial, helvetica, sans-serif;\"><img loading=\"lazy\" decoding=\"async\" class=\"size-full wp-image-67\" title=\"Corentin Demil\" src=\"http:\/\/www.asbs.be\/wp-content\/uploads\/2023\/04\/CORENTIN-DEMIL-2023.jpg\" alt=\"\" width=\"90\" height=\"120\"><\/span><\/td>\n<td style=\"width: 10%; height: 129px;\" nowrap=\"nowrap\"><span style=\"font-family: arial, helvetica, sans-serif;\"><img loading=\"lazy\" decoding=\"async\" title=\"BELGIUM__KINGDOM_OF\" src=\"http:\/\/www.asbs.be\/wp-content\/uploads\/2017\/04\/flag-be.png\" alt=\"\" width=\"20\" height=\"10\"><\/span><\/td>\n<td class=\"td_l\" style=\"width: 42%; height: 129px;\"><span class=\"playername\" style=\"font-family: arial, helvetica, sans-serif;\">Corentin DEMIL<\/span><\/td>\n<th class=\"td_c\" style=\"width: 22%; text-align: left; height: 129px;\"><span style=\"font-family: arial, helvetica, sans-serif;\">29 juillet 2003 (22)<\/span><\/th>\n<\/tr>\n<tr class=\"sectiontableentry1\" style=\"height: 129px;\">\n<td class=\"td_c\" style=\"width: 15%; height: 129px;\" nowrap=\"nowrap\"><span style=\"font-family: arial, helvetica, sans-serif;\"><img loading=\"lazy\" decoding=\"async\" class=\"size-full wp-image-67\" title=\"Lukas Demil\" src=\"http:\/\/www.asbs.be\/wp-content\/uploads\/2023\/04\/LUKAS-2023.jpg\" alt=\"\" width=\"90\" height=\"120\"><\/span><\/td>\n<td style=\"width: 10%; height: 129px;\" nowrap=\"nowrap\"><span style=\"font-family: arial, helvetica, sans-serif;\"><img loading=\"lazy\" decoding=\"async\" title=\"BELGIUM__KINGDOM_OF\" src=\"http:\/\/www.asbs.be\/wp-content\/uploads\/2017\/04\/flag-be.png\" alt=\"\" width=\"20\" height=\"10\"><\/span><\/td>\n<td class=\"td_l\" style=\"width: 42%; height: 129px;\"><span class=\"playername\" style=\"font-family: arial, helvetica, sans-serif;\">Lukas DEMIL<\/span><\/td>\n<th class=\"td_c\" style=\"width: 22%; text-align: left; height: 129px;\"><span style=\"font-family: arial, helvetica, sans-serif;\">25 d\u00e9cembre 2001 (24)<\/span><\/th>\n<\/tr>\n<tr class=\"sectiontableentry2\" style=\"height: 112px;\">\n<td class=\"td_c\" style=\"width: 15%; height: 112px;\" nowrap=\"nowrap\"><span style=\"font-family: arial, helvetica, sans-serif;\"><img loading=\"lazy\" decoding=\"async\" class=\"size-full wp-image-67\" title=\"Loic Paduart\" src=\"http:\/\/www.asbs.be\/wp-content\/uploads\/2023\/04\/LOIC-2023.jpg\" alt=\"\" width=\"90\" height=\"120\"><\/span><\/td>\n<td style=\"width: 10%; height: 112px;\" nowrap=\"nowrap\"><span style=\"font-family: arial, helvetica, sans-serif;\"><img loading=\"lazy\" decoding=\"async\" title=\"BELGIUM__KINGDOM_OF\" src=\"http:\/\/www.asbs.be\/wp-content\/uploads\/2017\/04\/flag-be.png\" alt=\"\" width=\"20\" height=\"10\"><\/span><\/td>\n<td class=\"td_l\" style=\"width: 42%; height: 112px;\"><span class=\"playername\" style=\"font-family: arial, helvetica, sans-serif;\">Lo\u00efc PADUART<\/span><\/td>\n<th class=\"td_c\" style=\"width: 22%; text-align: left; height: 112px;\"><span style=\"font-family: arial, helvetica, sans-serif;\">1 mars 1999 (27)<\/span><\/th>\n<\/tr>\n<tr class=\"sectiontableentry2\" style=\"height: 124px;\">\n<td class=\"td_c\" style=\"width: 15%; height: 124px;\" nowrap=\"nowrap\"><span style=\"font-family: arial, helvetica, sans-serif;\"><img loading=\"lazy\" decoding=\"async\" class=\"size-full wp-image-67\" title=\"Pascal\" src=\"http:\/\/www.asbs.be\/wp-content\/uploads\/2012\/01\/PASCAL.jpg\" alt=\"\" width=\"90\" height=\"120\"><\/span><\/td>\n<td style=\"width: 10%; height: 124px;\" nowrap=\"nowrap\"><span style=\"font-family: arial, helvetica, sans-serif;\"><img loading=\"lazy\" decoding=\"async\" title=\"BELGIUM__KINGDOM_OF\" src=\"http:\/\/www.asbs.be\/wp-content\/uploads\/2017\/04\/flag-be.png\" alt=\"\" width=\"20\" height=\"10\"><\/span><\/td>\n<td class=\"td_l\" style=\"width: 42%; height: 124px;\"><span class=\"playername\" style=\"font-family: arial, helvetica, sans-serif;\">Coach : <\/span><br \/>\n<span class=\"playername\" style=\"font-family: arial, helvetica, sans-serif;\">Pascal SOETENS<\/span><\/td>\n<th class=\"td_c\" style=\"width: 22%; text-align: left; height: 124px;\"><span style=\"font-family: arial, helvetica, sans-serif; font-size: 12pt;\">12 janvier 1970 (56)<\/span><\/th>\n<\/tr>\n<\/tbody>\n<\/table>\n<p>&nbsp;<\/p>\n<table border=\"0\" width=\"100%\" cellspacing=\"0\" cellpadding=\"0\">\n<thead>\n<tr class=\"sectiontableheader rosterheader\">\n<th style=\"width: 64%; text-align: center;\" colspan=\"3\"><span style=\"text-decoration: underline;\"><span style=\"font-family: arial, helvetica, sans-serif; font-size: 10pt;\"><strong>Membres du personnel<\/strong><\/span><\/span><\/th>\n<th class=\"td_c\" style=\"width: 12.0225%;\"><span style=\"text-decoration: underline;\"><span style=\"font-family: arial, helvetica, sans-serif; font-size: 10pt;\"><strong>Fonction<\/strong><\/span><\/span><\/th>\n<th class=\"td_c\" style=\"width: 32.9775%;\"><span style=\"font-family: arial, helvetica, sans-serif; font-size: 10pt;\"><strong><span style=\"text-decoration: underline;\">Date de naissance (\u00e2ge)<\/span><\/strong><\/span><\/th>\n<\/tr>\n<\/thead>\n<tbody>\n<tr class=\"sectiontableentry2\">\n<td class=\"td_c\" style=\"width: 15%;\" nowrap=\"nowrap\"><span style=\"font-family: arial, helvetica, sans-serif; font-size: 10pt;\"><img loading=\"lazy\" decoding=\"async\" class=\"size-full wp-image-67\" title=\"PASCAL\" src=\"http:\/\/www.asbs.be\/wp-content\/uploads\/2012\/01\/PASCAL.jpg\" alt=\"\" width=\"90\" height=\"120\"><\/span><\/td>\n<td style=\"width: 10%;\" nowrap=\"nowrap\"><span style=\"font-family: arial, helvetica, sans-serif; font-size: 10pt;\"><img loading=\"lazy\" decoding=\"async\" title=\"BELGIUM__KINGDOM_OF\" src=\"http:\/\/www.asbs.be\/wp-content\/uploads\/2017\/04\/flag-be.png\" alt=\"\" width=\"20\" height=\"10\"><\/span><\/td>\n<td class=\"td_l\" style=\"width: 39%;\"><span class=\"staffname\" style=\"font-family: arial, helvetica, sans-serif; font-size: 10pt;\">Pascal SOETENS<\/span><\/td>\n<td style=\"width: 12.0225%;\" nowrap=\"nowrap\"><span style=\"font-family: arial, helvetica, sans-serif; font-size: 10pt;\">Pr\u00e9sident<\/span><\/td>\n<td style=\"width: 32.9775%;\" nowrap=\"nowrap\"><span style=\"font-family: arial, helvetica, sans-serif; font-size: 10pt;\">12 janvier 1970 (56)<\/span><\/td>\n<\/tr>\n<tr class=\"sectiontableentry2\">\n<td class=\"td_c\" style=\"width: 15%;\" nowrap=\"nowrap\"><span style=\"font-family: arial, helvetica, sans-serif; font-size: 10pt;\"><img loading=\"lazy\" decoding=\"async\" class=\"size-full wp-image-67\" title=\"PADU\" src=\"http:\/\/www.asbs.be\/wp-content\/uploads\/2012\/01\/PADU.jpg\" alt=\"\" width=\"90\" height=\"120\"><\/span><\/td>\n<td style=\"width: 10%;\" nowrap=\"nowrap\"><span style=\"font-family: arial, helvetica, sans-serif; font-size: 10pt;\"><img loading=\"lazy\" decoding=\"async\" title=\"BELGIUM__KINGDOM_OF\" src=\"http:\/\/www.asbs.be\/wp-content\/uploads\/2017\/04\/flag-be.png\" alt=\"\" width=\"20\" height=\"10\"><\/span><\/td>\n<td class=\"td_l\" style=\"width: 39%;\"><span class=\"staffname\" style=\"font-family: arial, helvetica, sans-serif; font-size: 10pt;\">Thierry PADUART<\/span><\/td>\n<td style=\"width: 12.0225%;\" nowrap=\"nowrap\"><span style=\"font-family: arial, helvetica, sans-serif; font-size: 10pt;\">Secr\u00e9taire<\/span><\/td>\n<td style=\"width: 32.9775%;\" nowrap=\"nowrap\"><span style=\"font-family: arial, helvetica, sans-serif; font-size: 10pt;\">20 octobre 1963 (62)<\/span><\/td>\n<\/tr>\n<tr class=\"sectiontableentry2\">\n<td class=\"td_c\" style=\"width: 15%;\" nowrap=\"nowrap\"><span style=\"font-family: arial, helvetica, sans-serif; font-size: 10pt;\"><img loading=\"lazy\" decoding=\"async\" class=\"size-full wp-image-67\" title=\"CATHERINE\" src=\"http:\/\/www.asbs.be\/wp-content\/uploads\/2012\/01\/CATHY.jpg\" alt=\"\" width=\"90\" height=\"120\"><\/span><\/td>\n<td style=\"width: 10%;\" nowrap=\"nowrap\"><span style=\"font-family: arial, helvetica, sans-serif; font-size: 10pt;\"><img loading=\"lazy\" decoding=\"async\" title=\"BELGIUM__KINGDOM_OF\" src=\"http:\/\/www.asbs.be\/wp-content\/uploads\/2017\/04\/flag-be.png\" alt=\"\" width=\"20\" height=\"10\"><\/span><\/td>\n<td class=\"td_l\" style=\"width: 39%;\"><span class=\"staffname\" style=\"font-family: arial, helvetica, sans-serif; font-size: 10pt;\">Catherine FOSS\u00c9PREZ<\/span><\/td>\n<td style=\"width: 12.0225%;\" nowrap=\"nowrap\"><span style=\"font-family: arial, helvetica, sans-serif; font-size: 10pt;\">Tr\u00e9sori\u00e8re<\/span><\/td>\n<td style=\"width: 32.9775%;\" nowrap=\"nowrap\"><span style=\"font-family: arial, helvetica, sans-serif; font-size: 10pt;\">13 novembre 1975(50)<\/span><\/td>\n<\/tr>\n<\/tbody>\n<\/table>\n","protected":false},"excerpt":{"rendered":"<p>Voici l\u2019\u00e9quipe que nous alignons en Nationale 2 pour la saison 2026. Debout, de gauche \u00e0 droite : Mathias BUDDELS &#8211; Bertrand BECQ &#8211; Robin DAUTREBANDE &nbsp; Accroupi, de gauche \u00e0 droite : Corentin DEMIL &#8211; Lukas DEMIL- Lo\u00efc PADUART &nbsp; &nbsp;Joueurs Date de naissance (\u00e2ge) Bertrand BECQ 1er septembre 1988 (37) Mathias BUDDELS Robin [&hellip;]<\/p>\n","protected":false},"author":1,"featured_media":0,"parent":13,"menu_order":2,"comment_status":"open","ping_status":"open","template":"","meta":{"ngg_post_thumbnail":0,"footnotes":""},"class_list":["post-36","page","type-page","status-publish","hentry"],"jetpack_sharing_enabled":true,"_links":{"self":[{"href":"https:\/\/asbs.be\/index.php\/wp-json\/wp\/v2\/pages\/36","targetHints":{"allow":["GET"]}}],"collection":[{"href":"https:\/\/asbs.be\/index.php\/wp-json\/wp\/v2\/pages"}],"about":[{"href":"https:\/\/asbs.be\/index.php\/wp-json\/wp\/v2\/types\/page"}],"author":[{"embeddable":true,"href":"https:\/\/asbs.be\/index.php\/wp-json\/wp\/v2\/users\/1"}],"replies":[{"embeddable":true,"href":"https:\/\/asbs.be\/index.php\/wp-json\/wp\/v2\/comments?post=36"}],"version-history":[{"count":41,"href":"https:\/\/asbs.be\/index.php\/wp-json\/wp\/v2\/pages\/36\/revisions"}],"predecessor-version":[{"id":15825,"href":"https:\/\/asbs.be\/index.php\/wp-json\/wp\/v2\/pages\/36\/revisions\/15825"}],"up":[{"embeddable":true,"href":"https:\/\/asbs.be\/index.php\/wp-json\/wp\/v2\/pages\/13"}],"wp:attachment":[{"href":"https:\/\/asbs.be\/index.php\/wp-json\/wp\/v2\/media?parent=36"}],"curies":[{"name":"wp","href":"https:\/\/api.w.org\/{rel}","templated":true}]}}