{"id":54,"date":"2012-01-13T18:17:49","date_gmt":"2012-01-13T17:17:49","guid":{"rendered":"http:\/\/www.asbs.be\/?page_id=54"},"modified":"2026-04-19T14:27:04","modified_gmt":"2026-04-19T12:27:04","slug":"eq-feminine","status":"publish","type":"page","link":"https:\/\/asbs.be\/index.php\/les-equipes\/eq-feminine\/","title":{"rendered":"Notre \u00e9quipe f\u00e9minine pour la saison 2026."},"content":{"rendered":"<p>Voici l&rsquo;\u00e9quipe f\u00e9minine qui disputera ce premier championnat officiel pour cette saison 2026.<\/p>\n<p><img loading=\"lazy\" decoding=\"async\" class=\"size-full wp-image-67\" title=\"PETIT-8-01-2021\" src=\"http:\/\/www.asbs.be\/wp-content\/uploads\/2026\/04\/FEMMES-01.jpg\" alt=\"\" width=\"580\" height=\"400\"><br \/>\nDebout de gauche \u00e0 droite :<br \/>\nJulie MARLAIR &#8211; Catherine FOSSEPREZ &#8211; M\u00e9lanie WATTIER &#8211; Oc\u00e9ane MUSCH<\/p>\n<p>Accroupi de gauche \u00e0 droite :<br \/>\nM\u00e9gane MONNIER, \u00c9lodie LEROY, Sabine VAN BERLAMONT<\/p>\n<p>Absente au moment de la photo : Lisa LEBRUN<\/p>\n","protected":false},"excerpt":{"rendered":"<p>Voici l&rsquo;\u00e9quipe f\u00e9minine qui disputera ce premier championnat officiel pour cette saison 2026. Debout de gauche \u00e0 droite : Julie MARLAIR &#8211; Catherine FOSSEPREZ &#8211; M\u00e9lanie WATTIER &#8211; Oc\u00e9ane MUSCH Accroupi de gauche \u00e0 droite : M\u00e9gane MONNIER, \u00c9lodie LEROY, Sabine VAN BERLAMONT Absente au moment de la photo : Lisa LEBRUN<\/p>\n","protected":false},"author":1,"featured_media":0,"parent":13,"menu_order":9,"comment_status":"open","ping_status":"closed","template":"","meta":{"ngg_post_thumbnail":0,"footnotes":""},"class_list":["post-54","page","type-page","status-publish","hentry"],"jetpack_sharing_enabled":true,"_links":{"self":[{"href":"https:\/\/asbs.be\/index.php\/wp-json\/wp\/v2\/pages\/54","targetHints":{"allow":["GET"]}}],"collection":[{"href":"https:\/\/asbs.be\/index.php\/wp-json\/wp\/v2\/pages"}],"about":[{"href":"https:\/\/asbs.be\/index.php\/wp-json\/wp\/v2\/types\/page"}],"author":[{"embeddable":true,"href":"https:\/\/asbs.be\/index.php\/wp-json\/wp\/v2\/users\/1"}],"replies":[{"embeddable":true,"href":"https:\/\/asbs.be\/index.php\/wp-json\/wp\/v2\/comments?post=54"}],"version-history":[{"count":6,"href":"https:\/\/asbs.be\/index.php\/wp-json\/wp\/v2\/pages\/54\/revisions"}],"predecessor-version":[{"id":15838,"href":"https:\/\/asbs.be\/index.php\/wp-json\/wp\/v2\/pages\/54\/revisions\/15838"}],"up":[{"embeddable":true,"href":"https:\/\/asbs.be\/index.php\/wp-json\/wp\/v2\/pages\/13"}],"wp:attachment":[{"href":"https:\/\/asbs.be\/index.php\/wp-json\/wp\/v2\/media?parent=54"}],"curies":[{"name":"wp","href":"https:\/\/api.w.org\/{rel}","templated":true}]}}